{"id":2858,"date":"2025-10-10T07:21:00","date_gmt":"2025-10-10T07:21:00","guid":{"rendered":"https:\/\/northarete.com\/?page_id=2858"},"modified":"2025-10-27T09:48:01","modified_gmt":"2025-10-27T09:48:01","slug":"partnerskabet-uvildig-styring-eksekvering","status":"publish","type":"page","link":"https:\/\/northarete.com\/index.php\/partnerskabet-uvildig-styring-eksekvering\/","title":{"rendered":"Modul\u00e6r Arkitektur &amp; Roadmap"},"content":{"rendered":"\n<div class=\"wp-block-uagb-container uagb-block-1826594e alignfull uagb-is-root-container\">\n<div class=\"wp-block-uagb-container uagb-block-a60dacaa default uagb-is-root-container\">\n<div class=\"wp-block-uagb-container uagb-block-5bca069d\">\n<div class=\"wp-block-uagb-advanced-heading uagb-block-8c6eea4d\"><h1 class=\"uagb-heading-text\">Modul\u00e6r Arkitektur &amp; Roadmap<\/h1><p class=\"uagb-desc-text\">En virksomhed er et komplekst system uden en &#8220;one-size-fits-all&#8221; l\u00f8sning. Derfor er tilgangen modul\u00e6r. Med det strategiske fundament p\u00e5 plads designer jeg en k\u00f8replan, hvor der kan tilv\u00e6lges pr\u00e6cis de l\u00f8sninger, der skaber mest v\u00e6rdi, n\u00e5r behovet opst\u00e5r.<\/p><\/div>\n<\/div>\n\n\n\n<div class=\"wp-block-group is-layout-constrained wp-block-group-is-layout-constrained\">\n<div class=\"wp-block-uagb-container uagb-block-7f5b646c\">\n<div class=\"wp-block-uagb-advanced-heading uagb-block-7acd1367\"><h2 class=\"uagb-heading-text\">Fra Diagnose til Arkitektonisk Design<\/h2><div class=\"uagb-separator\"><\/div><p class=\"uagb-desc-text\">Til dette form\u00e5l anvendes et specifikt rammev\u00e6rk:&nbsp;<strong>De Fire S\u00f8jler for Operationel Arkitektur.<\/strong><\/p><\/div>\n<\/div>\n\n\n\n<div class=\"wp-block-uagb-container uagb-block-7a868933 alignfull uagb-is-root-container\"><div class=\"uagb-container-inner-blocks-wrap\">\n<div class=\"wp-block-uagb-icon-list uagb-block-49a27fba\"><div class=\"uagb-icon-list__wrap\">\n<div class=\"wp-block-uagb-icon-list-child uagb-block-5453473e\"><span class=\"uagb-icon-list__source-wrap\"><svg xmlns=\"https:\/\/www.w3.org\/2000\/svg\" viewBox=\"0 0 512 512\"><path d=\"M256 0C114.6 0 0 114.6 0 256c0 141.4 114.6 256 256 256s256-114.6 256-256C512 114.6 397.4 0 256 0zM406.6 278.6l-103.1 103.1c-12.5 12.5-32.75 12.5-45.25 0s-12.5-32.75 0-45.25L306.8 288H128C110.3 288 96 273.7 96 256s14.31-32 32-32h178.8l-49.38-49.38c-12.5-12.5-12.5-32.75 0-45.25s32.75-12.5 45.25 0l103.1 103.1C414.6 241.3 416 251.1 416 256C416 260.9 414.6 270.7 406.6 278.6z\"><\/path><\/svg><\/span><span class=\"uagb-icon-list__label\">V\u00e6rdik\u00e6de &amp; Proces<\/span><\/div>\n\n\n\n<div class=\"wp-block-uagb-icon-list-child uagb-block-6453d590\"><span class=\"uagb-icon-list__source-wrap\"><svg xmlns=\"https:\/\/www.w3.org\/2000\/svg\" viewBox=\"0 0 512 512\"><path d=\"M256 0C114.6 0 0 114.6 0 256c0 141.4 114.6 256 256 256s256-114.6 256-256C512 114.6 397.4 0 256 0zM406.6 278.6l-103.1 103.1c-12.5 12.5-32.75 12.5-45.25 0s-12.5-32.75 0-45.25L306.8 288H128C110.3 288 96 273.7 96 256s14.31-32 32-32h178.8l-49.38-49.38c-12.5-12.5-12.5-32.75 0-45.25s32.75-12.5 45.25 0l103.1 103.1C414.6 241.3 416 251.1 416 256C416 260.9 414.6 270.7 406.6 278.6z\"><\/path><\/svg><\/span><span class=\"uagb-icon-list__label\">Teknologi &amp; Systemer<\/span><\/div>\n\n\n\n<div class=\"wp-block-uagb-icon-list-child uagb-block-3b79dad9\"><span class=\"uagb-icon-list__source-wrap\"><svg xmlns=\"https:\/\/www.w3.org\/2000\/svg\" viewBox=\"0 0 512 512\"><path d=\"M256 0C114.6 0 0 114.6 0 256c0 141.4 114.6 256 256 256s256-114.6 256-256C512 114.6 397.4 0 256 0zM406.6 278.6l-103.1 103.1c-12.5 12.5-32.75 12.5-45.25 0s-12.5-32.75 0-45.25L306.8 288H128C110.3 288 96 273.7 96 256s14.31-32 32-32h178.8l-49.38-49.38c-12.5-12.5-12.5-32.75 0-45.25s32.75-12.5 45.25 0l103.1 103.1C414.6 241.3 416 251.1 416 256C416 260.9 414.6 270.7 406.6 278.6z\"><\/path><\/svg><\/span><span class=\"uagb-icon-list__label\">Kompetence &amp; Kontekst<\/span><\/div>\n\n\n\n<div class=\"wp-block-uagb-icon-list-child uagb-block-20afd6ea\"><span class=\"uagb-icon-list__source-wrap\"><svg xmlns=\"https:\/\/www.w3.org\/2000\/svg\" viewBox=\"0 0 512 512\"><path d=\"M256 0C114.6 0 0 114.6 0 256c0 141.4 114.6 256 256 256s256-114.6 256-256C512 114.6 397.4 0 256 0zM406.6 278.6l-103.1 103.1c-12.5 12.5-32.75 12.5-45.25 0s-12.5-32.75 0-45.25L306.8 288H128C110.3 288 96 273.7 96 256s14.31-32 32-32h178.8l-49.38-49.38c-12.5-12.5-12.5-32.75 0-45.25s32.75-12.5 45.25 0l103.1 103.1C414.6 241.3 416 251.1 416 256C416 260.9 414.6 270.7 406.6 278.6z\"><\/path><\/svg><\/span><span class=\"uagb-icon-list__label\">Datafundament &amp; Arkitektur<\/span><\/div>\n<\/div><\/div>\n<\/div><\/div>\n<\/div>\n\n\n\n<div class=\"wp-block-uagb-container uagb-block-006937ac\">\n<div class=\"wp-block-uagb-image uagb-block-bb154f9b wp-block-uagb-image--layout-default wp-block-uagb-image--effect-static wp-block-uagb-image--align-none\"><figure class=\"wp-block-uagb-image__figure\"><img decoding=\"async\" srcset=\"https:\/\/northarete.com\/wp-content\/uploads\/2025\/10\/download-1.png ,http:\/\/northarete.com\/wp-content\/uploads\/2025\/10\/download-1.png 780w, http:\/\/northarete.com\/wp-content\/uploads\/2025\/10\/download-1.png 360w\" sizes=\"auto, (max-width: 480px) 150px\" src=\"https:\/\/northarete.com\/wp-content\/uploads\/2025\/10\/download-1.png\" alt=\"\" class=\"uag-image-2856\" width=\"741\" height=\"325\" title=\"download (1)\" loading=\"lazy\" role=\"img\"\/><\/figure><\/div>\n<\/div>\n\n\n\n<div class=\"wp-block-uagb-container uagb-block-b545affc\">\n<div class=\"wp-block-uagb-advanced-heading uagb-block-bf3514c1\"><h2 class=\"uagb-heading-text\">Ydelseskataloget som Fleksibelt V\u00e6rkt\u00f8j<\/h2><div class=\"uagb-separator\"><\/div><p class=\"uagb-desc-text\">Baseret p\u00e5 diagnosefasen udarbejder jeg en strategisk k\u00f8replan (roadmap), der anbefaler en sekvens af moduler. Valget er dog altid kundens. Denne model sikrer fuld fleksibilitet og kontrol.<\/p><\/div>\n<\/div>\n<\/div>\n\n\n\n<div class=\"wp-block-uagb-container uagb-block-d7a84459 default uagb-is-root-container\">\n<div class=\"wp-block-uagb-advanced-heading uagb-block-a9072cc5\"><h2 class=\"uagb-heading-text\">Hele Ydelseskataloget<br><a href=\"blob:https:\/\/4pag1oifdo44s3pvspyscda8fomo6hw5rfzlz3jua76gk6mcvc-h816189751.scf.usercontent.goog\/8ead0106-51d7-4c59-b67a-4e0039cd2dbc#\"><\/a><\/h2><\/div>\n\n\n\n<div class=\"wp-block-uagb-buttons uagb-buttons__outer-wrap uagb-btn__default-btn uagb-btn-tablet__default-btn uagb-btn-mobile__default-btn uagb-block-100ea328\"><div class=\"uagb-buttons__wrap uagb-buttons-layout-wrap \">\n<div class=\"wp-block-uagb-buttons-child uagb-buttons__outer-wrap uagb-block-3d36e2c2 wp-block-button\"><div class=\"uagb-button__wrapper\"><a class=\"uagb-buttons-repeater wp-block-button__link\" aria-label=\"\" href=\"#\" rel=\"follow noopener\" target=\"_self\" role=\"button\"><div class=\"uagb-button__link\">16 moduler<\/div><\/a><\/div><\/div>\n<\/div><\/div>\n\n\n\n<div class=\"wp-block-uagb-buttons uagb-buttons__outer-wrap uagb-btn__default-btn uagb-btn-tablet__default-btn uagb-btn-mobile__default-btn uagb-block-2d27fab4\"><div class=\"uagb-buttons__wrap uagb-buttons-layout-wrap \">\n<div class=\"wp-block-uagb-buttons-child uagb-buttons__outer-wrap uagb-block-4d33b54b wp-block-button\"><div class=\"uagb-button__wrapper\"><a class=\"uagb-buttons-repeater wp-block-button__link\" aria-label=\"\" href=\"#\" rel=\"follow noopener\" target=\"_self\" role=\"button\"><div class=\"uagb-button__link\">Click Here<\/div><\/a><\/div><\/div>\n<\/div><\/div>\n<\/div>\n<\/div>\n\n\n\n<p><a href=\"https:\/\/gemini.google.com\/share\/75fd275e2852\">df<\/a><\/p>\n\n\n\n<p><\/p>\n","protected":false},"excerpt":{"rendered":"<p>Modul\u00e6r Arkitektur &amp; Roadmap En virksomhed er et komplekst system uden en &#8220;one-size-fits-all&#8221; l\u00f8sning. Derfor er tilgangen modul\u00e6r. Med det [&hellip;]<\/p>\n","protected":false},"author":1,"featured_media":0,"parent":0,"menu_order":0,"comment_status":"closed","ping_status":"closed","template":"","meta":{"_uag_custom_page_level_css":"","site-sidebar-layout":"default","site-content-layout":"","ast-site-content-layout":"default","site-content-style":"default","site-sidebar-style":"default","ast-global-header-display":"","ast-banner-title-visibility":"","ast-main-header-display":"","ast-hfb-above-header-display":"","ast-hfb-below-header-display":"","ast-hfb-mobile-header-display":"","site-post-title":"disabled","ast-breadcrumbs-content":"","ast-featured-img":"","footer-sml-layout":"","theme-transparent-header-meta":"","adv-header-id-meta":"","stick-header-meta":"","header-above-stick-meta":"","header-main-stick-meta":"","header-below-stick-meta":"","astra-migrate-meta-layouts":"default","ast-page-background-enabled":"default","ast-page-background-meta":{"desktop":{"background-color":"var(--ast-global-color-5)","background-image":"","background-repeat":"repeat","background-position":"center center","background-size":"auto","background-attachment":"scroll","background-type":"","background-media":"","overlay-type":"","overlay-color":"","overlay-opacity":"","overlay-gradient":""},"tablet":{"background-color":"","background-image":"","background-repeat":"repeat","background-position":"center center","background-size":"auto","background-attachment":"scroll","background-type":"","background-media":"","overlay-type":"","overlay-color":"","overlay-opacity":"","overlay-gradient":""},"mobile":{"background-color":"","background-image":"","background-repeat":"repeat","background-position":"center center","background-size":"auto","background-attachment":"scroll","background-type":"","background-media":"","overlay-type":"","overlay-color":"","overlay-opacity":"","overlay-gradient":""}},"ast-content-background-meta":{"desktop":{"background-color":"var(--ast-global-color-4)","background-image":"","background-repeat":"repeat","background-position":"center center","background-size":"auto","background-attachment":"scroll","background-type":"","background-media":"","overlay-type":"","overlay-color":"","overlay-opacity":"","overlay-gradient":""},"tablet":{"background-color":"var(--ast-global-color-4)","background-image":"","background-repeat":"repeat","background-position":"center center","background-size":"auto","background-attachment":"scroll","background-type":"","background-media":"","overlay-type":"","overlay-color":"","overlay-opacity":"","overlay-gradient":""},"mobile":{"background-color":"var(--ast-global-color-4)","background-image":"","background-repeat":"repeat","background-position":"center center","background-size":"auto","background-attachment":"scroll","background-type":"","background-media":"","overlay-type":"","overlay-color":"","overlay-opacity":"","overlay-gradient":""}},"footnotes":""},"class_list":["post-2858","page","type-page","status-publish","hentry"],"uagb_featured_image_src":{"full":false,"thumbnail":false,"medium":false,"medium_large":false,"large":false,"1536x1536":false,"2048x2048":false},"uagb_author_info":{"display_name":"admin","author_link":"https:\/\/northarete.com\/index.php\/author\/admin\/"},"uagb_comment_info":0,"uagb_excerpt":"Modul\u00e6r Arkitektur &amp; Roadmap En virksomhed er et komplekst system uden en &#8220;one-size-fits-all&#8221; l\u00f8sning. Derfor er tilgangen modul\u00e6r. Med det [&hellip;]","_links":{"self":[{"href":"https:\/\/northarete.com\/index.php\/wp-json\/wp\/v2\/pages\/2858","targetHints":{"allow":["GET"]}}],"collection":[{"href":"https:\/\/northarete.com\/index.php\/wp-json\/wp\/v2\/pages"}],"about":[{"href":"https:\/\/northarete.com\/index.php\/wp-json\/wp\/v2\/types\/page"}],"author":[{"embeddable":true,"href":"https:\/\/northarete.com\/index.php\/wp-json\/wp\/v2\/users\/1"}],"replies":[{"embeddable":true,"href":"https:\/\/northarete.com\/index.php\/wp-json\/wp\/v2\/comments?post=2858"}],"version-history":[{"count":59,"href":"https:\/\/northarete.com\/index.php\/wp-json\/wp\/v2\/pages\/2858\/revisions"}],"predecessor-version":[{"id":3176,"href":"https:\/\/northarete.com\/index.php\/wp-json\/wp\/v2\/pages\/2858\/revisions\/3176"}],"wp:attachment":[{"href":"https:\/\/northarete.com\/index.php\/wp-json\/wp\/v2\/media?parent=2858"}],"curies":[{"name":"wp","href":"https:\/\/api.w.org\/{rel}","templated":true}]}}