{"id":2855,"date":"2025-10-10T07:16:24","date_gmt":"2025-10-10T07:16:24","guid":{"rendered":"https:\/\/northarete.com\/?page_id=2855"},"modified":"2025-10-27T09:44:57","modified_gmt":"2025-10-27T09:44:57","slug":"modulaer-arkitektur-roadmap","status":"publish","type":"page","link":"https:\/\/northarete.com\/index.php\/modulaer-arkitektur-roadmap\/","title":{"rendered":"Partnerskabet: Uvildig Styring &amp; Eksekvering"},"content":{"rendered":"\n<div class=\"wp-block-uagb-container uagb-block-7a868933 alignfull uagb-is-root-container\">\n<div class=\"wp-block-uagb-container uagb-block-a60dacaa default uagb-is-root-container\">\n<div class=\"wp-block-uagb-container uagb-block-521c368b\">\n<div class=\"wp-block-uagb-advanced-heading uagb-block-8c6eea4d\"><h1 class=\"uagb-heading-text\">Partnerskabet: Uvildig <br>Styring &amp; Eksekvering<\/h1><p class=\"uagb-desc-text\">Jeg planl\u00e6gger og styrer processen, og min loyalitet ligger <br>udelukkende hos kunden og dennes business case.<br><\/p><\/div>\n<\/div>\n\n\n\n<div class=\"wp-block-uagb-container uagb-block-d9e20e0b\">\n<div class=\"wp-block-uagb-advanced-heading uagb-block-7acd1367\"><h2 class=\"uagb-heading-text\">Princippet om Uvildighed<\/h2><div class=\"uagb-separator\"><\/div><p class=\"uagb-desc-text\">Markedet for IT-l\u00f8sninger er uigennemsigtigt. Denne forretningsmodel er designet til at eliminere den risiko fuldst\u00e6ndigt.<\/p><\/div>\n\n\n\n<div class=\"wp-block-uagb-container uagb-block-8b05d672\">\n<div class=\"wp-block-uagb-icon-list uagb-block-8285fb0e\"><div class=\"uagb-icon-list__wrap\">\n<div class=\"wp-block-uagb-icon-list-child uagb-block-e499f7f8\"><span class=\"uagb-icon-list__source-wrap\"><svg xmlns=\"https:\/\/www.w3.org\/2000\/svg\" viewBox=\"0 0 512 512\"><path d=\"M256 0C114.6 0 0 114.6 0 256c0 141.4 114.6 256 256 256s256-114.6 256-256C512 114.6 397.4 0 256 0zM406.6 278.6l-103.1 103.1c-12.5 12.5-32.75 12.5-45.25 0s-12.5-32.75 0-45.25L306.8 288H128C110.3 288 96 273.7 96 256s14.31-32 32-32h178.8l-49.38-49.38c-12.5-12.5-12.5-32.75 0-45.25s32.75-12.5 45.25 0l103.1 103.1C414.6 241.3 416 251.1 416 256C416 260.9 414.6 270.7 406.6 278.6z\"><\/path><\/svg><\/span><span class=\"uagb-icon-list__label\"><strong>Ingen teknologisalg:<\/strong>\u00a0Der s\u00e6lges strategisk klarhed og risikostyring, ikke specifik software.<\/span><\/div>\n\n\n\n<div class=\"wp-block-uagb-icon-list-child uagb-block-e7e5398c\"><span class=\"uagb-icon-list__source-wrap\"><svg xmlns=\"https:\/\/www.w3.org\/2000\/svg\" viewBox=\"0 0 512 512\"><path d=\"M256 0C114.6 0 0 114.6 0 256c0 141.4 114.6 256 256 256s256-114.6 256-256C512 114.6 397.4 0 256 0zM406.6 278.6l-103.1 103.1c-12.5 12.5-32.75 12.5-45.25 0s-12.5-32.75 0-45.25L306.8 288H128C110.3 288 96 273.7 96 256s14.31-32 32-32h178.8l-49.38-49.38c-12.5-12.5-12.5-32.75 0-45.25s32.75-12.5 45.25 0l103.1 103.1C414.6 241.3 416 251.1 416 256C416 260.9 414.6 270.7 406.6 278.6z\"><\/path><\/svg><\/span><span class=\"uagb-icon-list__label\"><strong>Styret udbudsproces:<\/strong>\u00a0Med den detaljerede kravspecifikation i h\u00e5nden sikres det, at leverand\u00f8rer byder p\u00e5 et pr\u00e6cist og sammenligneligt grundlag.<\/span><\/div>\n\n\n\n<div class=\"wp-block-uagb-icon-list-child uagb-block-ccfa7c7f\"><span class=\"uagb-icon-list__source-wrap\"><svg xmlns=\"https:\/\/www.w3.org\/2000\/svg\" viewBox=\"0 0 512 512\"><path d=\"M256 0C114.6 0 0 114.6 0 256c0 141.4 114.6 256 256 256s256-114.6 256-256C512 114.6 397.4 0 256 0zM406.6 278.6l-103.1 103.1c-12.5 12.5-32.75 12.5-45.25 0s-12.5-32.75 0-45.25L306.8 288H128C110.3 288 96 273.7 96 256s14.31-32 32-32h178.8l-49.38-49.38c-12.5-12.5-12.5-32.75 0-45.25s32.75-12.5 45.25 0l103.1 103.1C414.6 241.3 416 251.1 416 256C416 260.9 414.6 270.7 406.6 278.6z\"><\/path><\/svg><\/span><span class=\"uagb-icon-list__label\"><strong>Kommerciel repr\u00e6sentation:<\/strong>\u00a0Ved forhandlingsbordet ageres der som kundens tekniske og kommercielle repr\u00e6sentant.<\/span><\/div>\n<\/div><\/div>\n<\/div>\n<\/div>\n\n\n\n<div class=\"wp-block-uagb-image uagb-block-bb154f9b wp-block-uagb-image--layout-default wp-block-uagb-image--effect-static wp-block-uagb-image--align-none\"><figure class=\"wp-block-uagb-image__figure\"><img decoding=\"async\" srcset=\"https:\/\/northarete.com\/wp-content\/uploads\/2025\/10\/Screenshot-2025-10-10-091800.png ,https:\/\/northarete.com\/wp-content\/uploads\/2025\/10\/Screenshot-2025-10-10-091800.png 780w, https:\/\/northarete.com\/wp-content\/uploads\/2025\/10\/Screenshot-2025-10-10-091800.png 360w\" sizes=\"auto, (max-width: 480px) 150px\" src=\"https:\/\/northarete.com\/wp-content\/uploads\/2025\/10\/Screenshot-2025-10-10-091800.png\" alt=\"\" class=\"uag-image-2859\" width=\"685\" height=\"189\" title=\"Screenshot 2025-10-10 091800\" loading=\"lazy\" role=\"img\"\/><\/figure><\/div>\n\n\n\n<div class=\"wp-block-uagb-container uagb-block-ef697c06\">\n<div class=\"wp-block-uagb-advanced-heading uagb-block-bf3514c1\"><h2 class=\"uagb-heading-text\">Kvalitetssikring af Leverancen<\/h2><div class=\"uagb-separator\"><\/div><p class=\"uagb-desc-text\">MarkedMit ansvar er at tilrettel\u00e6gge og styre projektet, s\u00e5 de bygger den korrekt. Jeg agerer som det operationelle kontrolt\u00e5rn for projektet.et for IT-l\u00f8sninger er uigennemsigtigt. Denne forretningsmodel er designet til at eliminere den risiko fuldst\u00e6ndigt.<\/p><\/div>\n<\/div>\n<\/div>\n\n\n\n<div class=\"wp-block-uagb-container uagb-block-d7a84459 default uagb-is-root-container\">\n<div class=\"wp-block-uagb-advanced-heading uagb-block-a9072cc5\"><h2 class=\"uagb-heading-text\">Hele Ydelseskataloget<a href=\"blob:https:\/\/5uv8w4vvzhm0kezrrf5zt980e5w9ypkj6foc4xtrg1pvwy51ub-h816189751.scf.usercontent.goog\/968e958b-872a-4f7e-ae84-4491eb9155ba#\"><\/a><br><a href=\"blob:https:\/\/4pag1oifdo44s3pvspyscda8fomo6hw5rfzlz3jua76gk6mcvc-h816189751.scf.usercontent.goog\/8ead0106-51d7-4c59-b67a-4e0039cd2dbc#\"><\/a><\/h2><\/div>\n\n\n\n<div class=\"wp-block-uagb-buttons uagb-buttons__outer-wrap uagb-btn__default-btn uagb-btn-tablet__default-btn uagb-btn-mobile__default-btn uagb-block-932602ec\"><div class=\"uagb-buttons__wrap uagb-buttons-layout-wrap \">\n<div class=\"wp-block-uagb-buttons-child uagb-buttons__outer-wrap uagb-block-8398155f wp-block-button\"><div class=\"uagb-button__wrapper\"><a class=\"uagb-buttons-repeater wp-block-button__link\" aria-label=\"\" href=\"#\" rel=\"follow noopener\" target=\"_self\" role=\"button\"><div class=\"uagb-button__link\"><a href=\"blob:https:\/\/3cwlnokeh9fimsrbc3gbk50ur88xpbjzxbdpabjkmz0rrza21w-h819068872.scf.usercontent.goog\/2e176620-a770-47cc-8a92-4c859b281bbf#\">Udforsk alle 16+ moduler<\/a><\/div><\/a><\/div><\/div>\n<\/div><\/div>\n<\/div>\n<\/div>\n","protected":false},"excerpt":{"rendered":"<p>Partnerskabet: Uvildig Styring &amp; Eksekvering Jeg planl\u00e6gger og styrer processen, og min loyalitet ligger udelukkende hos kunden og dennes business [&hellip;]<\/p>\n","protected":false},"author":1,"featured_media":0,"parent":0,"menu_order":0,"comment_status":"closed","ping_status":"closed","template":"","meta":{"_uag_custom_page_level_css":"","site-sidebar-layout":"default","site-content-layout":"","ast-site-content-layout":"default","site-content-style":"default","site-sidebar-style":"default","ast-global-header-display":"","ast-banner-title-visibility":"","ast-main-header-display":"","ast-hfb-above-header-display":"","ast-hfb-below-header-display":"","ast-hfb-mobile-header-display":"","site-post-title":"disabled","ast-breadcrumbs-content":"","ast-featured-img":"","footer-sml-layout":"","theme-transparent-header-meta":"","adv-header-id-meta":"","stick-header-meta":"","header-above-stick-meta":"","header-main-stick-meta":"","header-below-stick-meta":"","astra-migrate-meta-layouts":"default","ast-page-background-enabled":"default","ast-page-background-meta":{"desktop":{"background-color":"var(--ast-global-color-5)","background-image":"","background-repeat":"repeat","background-position":"center center","background-size":"auto","background-attachment":"scroll","background-type":"","background-media":"","overlay-type":"","overlay-color":"","overlay-opacity":"","overlay-gradient":""},"tablet":{"background-color":"","background-image":"","background-repeat":"repeat","background-position":"center center","background-size":"auto","background-attachment":"scroll","background-type":"","background-media":"","overlay-type":"","overlay-color":"","overlay-opacity":"","overlay-gradient":""},"mobile":{"background-color":"","background-image":"","background-repeat":"repeat","background-position":"center center","background-size":"auto","background-attachment":"scroll","background-type":"","background-media":"","overlay-type":"","overlay-color":"","overlay-opacity":"","overlay-gradient":""}},"ast-content-background-meta":{"desktop":{"background-color":"var(--ast-global-color-4)","background-image":"","background-repeat":"repeat","background-position":"center center","background-size":"auto","background-attachment":"scroll","background-type":"","background-media":"","overlay-type":"","overlay-color":"","overlay-opacity":"","overlay-gradient":""},"tablet":{"background-color":"var(--ast-global-color-4)","background-image":"","background-repeat":"repeat","background-position":"center center","background-size":"auto","background-attachment":"scroll","background-type":"","background-media":"","overlay-type":"","overlay-color":"","overlay-opacity":"","overlay-gradient":""},"mobile":{"background-color":"var(--ast-global-color-4)","background-image":"","background-repeat":"repeat","background-position":"center center","background-size":"auto","background-attachment":"scroll","background-type":"","background-media":"","overlay-type":"","overlay-color":"","overlay-opacity":"","overlay-gradient":""}},"footnotes":""},"class_list":["post-2855","page","type-page","status-publish","hentry"],"uagb_featured_image_src":{"full":false,"thumbnail":false,"medium":false,"medium_large":false,"large":false,"1536x1536":false,"2048x2048":false},"uagb_author_info":{"display_name":"admin","author_link":"https:\/\/northarete.com\/index.php\/author\/admin\/"},"uagb_comment_info":0,"uagb_excerpt":"Partnerskabet: Uvildig Styring &amp; Eksekvering Jeg planl\u00e6gger og styrer processen, og min loyalitet ligger udelukkende hos kunden og dennes business [&hellip;]","_links":{"self":[{"href":"https:\/\/northarete.com\/index.php\/wp-json\/wp\/v2\/pages\/2855","targetHints":{"allow":["GET"]}}],"collection":[{"href":"https:\/\/northarete.com\/index.php\/wp-json\/wp\/v2\/pages"}],"about":[{"href":"https:\/\/northarete.com\/index.php\/wp-json\/wp\/v2\/types\/page"}],"author":[{"embeddable":true,"href":"https:\/\/northarete.com\/index.php\/wp-json\/wp\/v2\/users\/1"}],"replies":[{"embeddable":true,"href":"https:\/\/northarete.com\/index.php\/wp-json\/wp\/v2\/comments?post=2855"}],"version-history":[{"count":30,"href":"https:\/\/northarete.com\/index.php\/wp-json\/wp\/v2\/pages\/2855\/revisions"}],"predecessor-version":[{"id":3137,"href":"https:\/\/northarete.com\/index.php\/wp-json\/wp\/v2\/pages\/2855\/revisions\/3137"}],"wp:attachment":[{"href":"https:\/\/northarete.com\/index.php\/wp-json\/wp\/v2\/media?parent=2855"}],"curies":[{"name":"wp","href":"https:\/\/api.w.org\/{rel}","templated":true}]}}