{"id":2841,"date":"2025-10-09T09:30:28","date_gmt":"2025-10-09T09:30:28","guid":{"rendered":"https:\/\/northarete.com\/?page_id=2841"},"modified":"2025-10-22T13:48:29","modified_gmt":"2025-10-22T13:48:29","slug":"regulatorisk-landskab","status":"publish","type":"page","link":"https:\/\/northarete.com\/index.php\/regulatorisk-landskab\/","title":{"rendered":"Regulatorisk Landskab"},"content":{"rendered":"\n<div class=\"wp-block-uagb-container uagb-block-a60dacaa alignfull uagb-is-root-container\"><div class=\"uagb-container-inner-blocks-wrap\">\n<div class=\"wp-block-uagb-advanced-heading uagb-block-8c6eea4d\"><h2 class=\"uagb-heading-text\">Fra N\u00f8dvendighed til Strategisk Fordel<\/h2><p class=\"uagb-desc-text\">I en accelererende AI-drevet tidsalder er regulatoriske krav ikke l\u00e6ngere <br>en administrativ eftertanke. Den kloge leder ser dem ikke som en udgift, men som <br>en glimrende anledning til at bygge fremtidens konkurrenceevne.<\/p><\/div>\n<\/div><\/div>\n\n\n\n<div class=\"wp-block-uagb-container uagb-block-7a868933 alignfull uagb-is-root-container\"><div class=\"uagb-container-inner-blocks-wrap\">\n<div class=\"wp-block-uagb-container uagb-block-ad37b3bc\">\n<div class=\"wp-block-uagb-advanced-heading uagb-block-7acd1367\"><h2 class=\"uagb-heading-text\">En Ny Optik p\u00e5 Compliance<\/h2><p class=\"uagb-desc-text\">Det traditionelle syn p\u00e5 compliance er reaktivt og omkostningsfokuseret. Den moderne virkelighed kr\u00e6ver en ny, proaktiv tilgang. Hvert nyt lovkrav er en mulighed for at stille et fundamentalt, strategisk sp\u00f8rgsm\u00e5l: Hvordan kan denne n\u00f8dvendige investering bruges som l\u00f8ftestang til at skabe en varig, operationel fordel? Svaret ligger i at se de tre centrale regulatoriske pres som hinandens forl\u00e6ngelse \u2013 som tre dele af det samme, samlede projekt: At bygge en intelligent og modstandsdygtig virksomhedsarkitektur.<br><br><\/p><\/div>\n\n\n\n<div class=\"wp-block-uagb-advanced-heading uagb-block-eedf2ac4\"><h2 class=\"uagb-heading-text\">Fire Fundamenter for en Robust Arkitektur<\/h2><\/div>\n\n\n\n<div class=\"wp-block-uagb-container uagb-block-b545affc\">\n<div class=\"wp-block-uagb-image uagb-block-bb154f9b wp-block-uagb-image--layout-default wp-block-uagb-image--effect-static wp-block-uagb-image--align-none\"><figure class=\"wp-block-uagb-image__figure\"><img decoding=\"async\" srcset=\"https:\/\/northarete.com\/wp-content\/uploads\/2025\/10\/dia.png ,https:\/\/northarete.com\/wp-content\/uploads\/2025\/10\/dia.png 780w, https:\/\/northarete.com\/wp-content\/uploads\/2025\/10\/dia.png 360w\" sizes=\"auto, (max-width: 480px) 150px\" src=\"https:\/\/northarete.com\/wp-content\/uploads\/2025\/10\/dia.png\" alt=\"\" class=\"uag-image-2850\" width=\"920\" height=\"316\" title=\"dia\" loading=\"lazy\" role=\"img\"\/><\/figure><\/div>\n<\/div>\n<\/div>\n<\/div><\/div>\n\n\n\n<div class=\"wp-block-uagb-container uagb-block-b721b777 alignfull uagb-is-root-container\"><div class=\"uagb-container-inner-blocks-wrap\">\n<div class=\"wp-block-uagb-advanced-heading uagb-block-bf3514c1\"><h2 class=\"uagb-heading-text\">Tre Anledninger til at Bygge Fremtiden<\/h2><\/div>\n\n\n\n<div class=\"wp-block-group is-nowrap is-layout-flex wp-container-core-group-is-layout-6c531013 wp-block-group-is-layout-flex\">\n<div class=\"wp-block-uagb-container uagb-block-319938a0\">\n<div class=\"wp-block-uagb-container uagb-block-c516769e\">\n<div class=\"wp-block-uagb-advanced-heading uagb-block-3d2dde71\"><h2 class=\"uagb-heading-text\">Bogf\u00f8ringsloven: Anledningen til et&nbsp;Finansielt Indsigtscenter<\/h2><p class=\"uagb-desc-text\">Kravet om digitalisering er en oplagt mulighed for at redesigne de finansielle processer. Ved at bygge en intelligent dataarkitektur (S\u00f8jle 1 &amp; 4) omdannes regnskabsfunktionen fra et reaktivt omkostningscenter til et proaktivt, strategisk v\u00e6rkt\u00f8j, der leverer realtids-indsigt.<\/p><\/div>\n<\/div>\n\n\n\n<div class=\"wp-block-uagb-container uagb-block-77aa526b\">\n<div class=\"wp-block-uagb-advanced-heading uagb-block-82e1a3ee\"><h2 class=\"uagb-heading-text\">GDPR: Anledningen til en&nbsp;Strategisk Kunde-Database<\/h2><p class=\"uagb-desc-text\">Kravet om datadisciplin er den perfekte anledning til at transformere en traditionel kundeliste til en dynamisk profil-database (S\u00f8jle 4). Dette er den tekniske foruds\u00e6tning for personalisering, effektivisering af salg og dybdeg\u00e5ende kundeindsigt.<br><\/p><\/div>\n<\/div>\n\n\n\n<div class=\"wp-block-uagb-container uagb-block-2489f1bb\">\n<div class=\"wp-block-uagb-advanced-heading uagb-block-7b28a624\"><h2 class=\"uagb-heading-text\">NIS2: Anledningen til et&nbsp;Operationelt V\u00e6rn<\/h2><p class=\"uagb-desc-text\">Kravet om cybersikkerhed er en glimrende lejlighed til at bygge en robust infrastruktur (S\u00f8jle 2 &amp; 3), der beskytter virksomhedens mest v\u00e6rdifulde aktiver, herunder intellektuel kapital, forretningshemmeligheder og kundedata.<br><\/p><\/div>\n<\/div>\n<\/div>\n<\/div>\n<\/div><\/div>\n\n\n\n<div class=\"wp-block-uagb-container uagb-block-9d967a60 alignfull uagb-is-root-container\"><div class=\"uagb-container-inner-blocks-wrap\">\n<div class=\"wp-block-uagb-advanced-heading uagb-block-a0af243c\"><h2 class=\"uagb-heading-text\">AI: Den Operationelle Motor, Der G\u00f8r Det Muligt<\/h2><\/div>\n\n\n\n<div class=\"wp-block-uagb-container uagb-block-23bc139a\">\n<div class=\"wp-block-uagb-container uagb-block-98b9702d alignwide uagb-is-root-container\">\n<p>Den m\u00e6ngde data og de processuelle krav, som disse love medf\u00f8rer, kan virke overv\u00e6ldende. Det er her, AI&#8217;s rolle bliver krystalklar. AI er ikke kommet for at overtage de strategiske beslutninger. AI er kommet for at udf\u00f8re det tunge, operationelle arbejde, som et menneske ikke kan skalere.<\/p>\n\n\n\n<div class=\"wp-block-group is-nowrap is-layout-flex wp-container-core-group-is-layout-6c531013 wp-block-group-is-layout-flex\">\n<div class=\"wp-block-uagb-container uagb-block-6c2bd8c2\">\n<div class=\"wp-block-uagb-advanced-heading uagb-block-5caa66e3\"><h2 class=\"uagb-heading-text\">AI&#8217;s Opgave:<\/h2><p class=\"uagb-desc-text\">At hente, organisere, strukturere og analysere de enorme datam\u00e6ngder, som lovgivningen kr\u00e6ver. At finde m\u00f8nstre og foresl\u00e5 indsigter p\u00e5 splitsekunder.<\/p><\/div>\n<\/div>\n\n\n\n<div class=\"wp-block-uagb-container uagb-block-be48613f\">\n<div class=\"wp-block-uagb-advanced-heading uagb-block-3ad47133\"><h2 class=\"uagb-heading-text\">Din Opgave:<\/h2><p class=\"uagb-desc-text\">At bruge denne indsigt til at tr\u00e6ffe klogere beslutninger. At udpege retningen, planl\u00e6gge strategien og fokusere p\u00e5 den v\u00e6rdiskabelse, som kun et menneske kan levere.<\/p><\/div>\n<\/div>\n<\/div>\n\n\n\n<p>AI fjerner den manuelle byrde ved compliance og omdanner den til en automatiseret strategisk fordel.<\/p>\n\n\n\n<p><\/p>\n<\/div>\n<\/div>\n<\/div><\/div>\n\n\n<a class=\"wp-block-read-more\" href=\"https:\/\/northarete.com\/index.php\/regulatorisk-landskab\/\" target=\"_blank\">L\u00e6s mere<span class=\"screen-reader-text\">: Regulatorisk Landskab<\/span><\/a>\n\n\n<div class=\"wp-block-uagb-container uagb-block-370e98c4 alignfull uagb-is-root-container\"><div class=\"uagb-container-inner-blocks-wrap\">\n<div class=\"wp-block-uagb-advanced-heading uagb-block-754a3015\"><h2 class=\"uagb-heading-text\">F\u00e5 Radaren: Dit Strategiske Overblik<\/h2><p class=\"uagb-desc-text\">Modtag vores m\u00e5nedlige briefing direkte i din indbakke. Vi analyserer de afg\u00f8rende politiske, teknologiske og finansielle forskydninger og overs\u00e6tter dem til konkret, handlingsorienteret indsigt for dig som ejerleder. Tag kontrol ved at se, hvad der kommer.<\/p><\/div>\n\n\n\n<div class=\"wp-block-uagb-forms uagb-forms__outer-wrap uagb-block-c6598e56 uagb-forms__medium-btn\"><form class=\"uagb-forms-main-form\" method=\"post\" autocomplete=\"on\" name=\"uagb-form-c6598e56\">\n<div class=\"wp-block-uagb-forms-name uagb-forms-name-wrap uagb-forms-field-set uagb-block-58a3744c\"><div class=\"uagb-forms-name-label required uagb-forms-input-label\" id=\"58a3744c\">Name<\/div><input type=\"text\" placeholder=\"John Doe\" required class=\"uagb-forms-name-input uagb-forms-input\" name=\"58a3744c\" autocomplete=\"name\"\/><\/div>\n\n\n\n<div class=\"wp-block-uagb-forms-email uagb-forms-email-wrap uagb-forms-field-set uagb-block-a955524f\"><div class=\"uagb-forms-email-label  uagb-forms-input-label\" id=\"a955524f\">Email<\/div><input type=\"email\" class=\"uagb-forms-email-input uagb-forms-input\" placeholder=\"example@mail.com\" name=\"a955524f\" autocomplete=\"email\"\/><\/div>\n<div class=\"uagb-forms-form-hidden-data\"><input type=\"hidden\" class=\"uagb_forms_form_label\" value=\"Spectra Form\"\/><input type=\"hidden\" class=\"uagb_forms_form_id\" value=\"uagb-form-c6598e56\"\/><\/div><div class=\"uagb-form-reacaptcha-error-c6598e56\"><\/div><div class=\"uagb-forms-main-submit-button-wrap wp-block-button\"><button class=\"uagb-forms-main-submit-button wp-block-button__link\"><div class=\"uagb-forms-main-submit-button-text\">Submit<\/div><\/button><\/div><\/form><div class=\"uagb-forms-success-message-c6598e56 uagb-forms-submit-message-hide\"><span>The form has been submitted successfully!<\/span><\/div><div class=\"uagb-forms-failed-message-c6598e56 uagb-forms-submit-message-hide\"><span>There has been some error while submitting the form. Please verify all form fields again.<\/span><\/div><\/div>\n<\/div><\/div>\n\n\n\n<p><a href=\"https:\/\/gemini.google.com\/share\/e5cd5e0cc1aa\">df<\/a><\/p>\n\n\n\n<div class=\"wp-block-uagb-container uagb-block-d7a84459 alignfull uagb-is-root-container\"><div class=\"uagb-container-inner-blocks-wrap\"><\/div><\/div>\n","protected":false},"excerpt":{"rendered":"<p>Fra N\u00f8dvendighed til Strategisk Fordel I en accelererende AI-drevet tidsalder er regulatoriske krav ikke l\u00e6ngere en administrativ eftertanke. Den kloge [&hellip;]<\/p>\n","protected":false},"author":1,"featured_media":0,"parent":0,"menu_order":0,"comment_status":"closed","ping_status":"closed","template":"","meta":{"_uag_custom_page_level_css":"","site-sidebar-layout":"default","site-content-layout":"","ast-site-content-layout":"default","site-content-style":"default","site-sidebar-style":"default","ast-global-header-display":"","ast-banner-title-visibility":"","ast-main-header-display":"","ast-hfb-above-header-display":"","ast-hfb-below-header-display":"","ast-hfb-mobile-header-display":"","site-post-title":"disabled","ast-breadcrumbs-content":"","ast-featured-img":"","footer-sml-layout":"","theme-transparent-header-meta":"","adv-header-id-meta":"","stick-header-meta":"","header-above-stick-meta":"","header-main-stick-meta":"","header-below-stick-meta":"","astra-migrate-meta-layouts":"default","ast-page-background-enabled":"default","ast-page-background-meta":{"desktop":{"background-color":"var(--ast-global-color-5)","background-image":"","background-repeat":"repeat","background-position":"center center","background-size":"auto","background-attachment":"scroll","background-type":"","background-media":"","overlay-type":"","overlay-color":"","overlay-opacity":"","overlay-gradient":""},"tablet":{"background-color":"","background-image":"","background-repeat":"repeat","background-position":"center center","background-size":"auto","background-attachment":"scroll","background-type":"","background-media":"","overlay-type":"","overlay-color":"","overlay-opacity":"","overlay-gradient":""},"mobile":{"background-color":"","background-image":"","background-repeat":"repeat","background-position":"center center","background-size":"auto","background-attachment":"scroll","background-type":"","background-media":"","overlay-type":"","overlay-color":"","overlay-opacity":"","overlay-gradient":""}},"ast-content-background-meta":{"desktop":{"background-color":"var(--ast-global-color-4)","background-image":"","background-repeat":"repeat","background-position":"center center","background-size":"auto","background-attachment":"scroll","background-type":"","background-media":"","overlay-type":"","overlay-color":"","overlay-opacity":"","overlay-gradient":""},"tablet":{"background-color":"var(--ast-global-color-4)","background-image":"","background-repeat":"repeat","background-position":"center center","background-size":"auto","background-attachment":"scroll","background-type":"","background-media":"","overlay-type":"","overlay-color":"","overlay-opacity":"","overlay-gradient":""},"mobile":{"background-color":"var(--ast-global-color-4)","background-image":"","background-repeat":"repeat","background-position":"center center","background-size":"auto","background-attachment":"scroll","background-type":"","background-media":"","overlay-type":"","overlay-color":"","overlay-opacity":"","overlay-gradient":""}},"footnotes":""},"class_list":["post-2841","page","type-page","status-publish","hentry"],"uagb_featured_image_src":{"full":false,"thumbnail":false,"medium":false,"medium_large":false,"large":false,"1536x1536":false,"2048x2048":false},"uagb_author_info":{"display_name":"admin","author_link":"https:\/\/northarete.com\/index.php\/author\/admin\/"},"uagb_comment_info":0,"uagb_excerpt":"Fra N\u00f8dvendighed til Strategisk Fordel I en accelererende AI-drevet tidsalder er regulatoriske krav ikke l\u00e6ngere en administrativ eftertanke. Den kloge [&hellip;]","_links":{"self":[{"href":"https:\/\/northarete.com\/index.php\/wp-json\/wp\/v2\/pages\/2841","targetHints":{"allow":["GET"]}}],"collection":[{"href":"https:\/\/northarete.com\/index.php\/wp-json\/wp\/v2\/pages"}],"about":[{"href":"https:\/\/northarete.com\/index.php\/wp-json\/wp\/v2\/types\/page"}],"author":[{"embeddable":true,"href":"https:\/\/northarete.com\/index.php\/wp-json\/wp\/v2\/users\/1"}],"replies":[{"embeddable":true,"href":"https:\/\/northarete.com\/index.php\/wp-json\/wp\/v2\/comments?post=2841"}],"version-history":[{"count":17,"href":"https:\/\/northarete.com\/index.php\/wp-json\/wp\/v2\/pages\/2841\/revisions"}],"predecessor-version":[{"id":3033,"href":"https:\/\/northarete.com\/index.php\/wp-json\/wp\/v2\/pages\/2841\/revisions\/3033"}],"wp:attachment":[{"href":"https:\/\/northarete.com\/index.php\/wp-json\/wp\/v2\/media?parent=2841"}],"curies":[{"name":"wp","href":"https:\/\/api.w.org\/{rel}","templated":true}]}}