{"id":2828,"date":"2025-10-09T07:40:26","date_gmt":"2025-10-09T07:40:26","guid":{"rendered":"https:\/\/northarete.com\/?page_id=2828"},"modified":"2025-10-24T06:55:48","modified_gmt":"2025-10-24T06:55:48","slug":"operationel-arkitektur","status":"publish","type":"page","link":"https:\/\/northarete.com\/index.php\/operationel-arkitektur\/","title":{"rendered":"Operationel Arkitektur"},"content":{"rendered":"\n<div class=\"wp-block-uagb-container uagb-block-a60dacaa alignfull uagb-is-root-container\"><div class=\"uagb-container-inner-blocks-wrap\">\n<div class=\"wp-block-uagb-advanced-heading uagb-block-8c6eea4d\"><h1 class=\"uagb-heading-text\"><strong>Operationel Arkitektur: De <\/strong><br><strong>Fire Fundamenter for V\u00e6kst<\/strong><\/h1><p class=\"uagb-desc-text\">En robust operationel arkitektur er ikke et enkeltst\u00e5ende IT-projekt. Det er et fuldt <br>integreret system, der skaber klarhed og kontrol ved at hvile p\u00e5 fire afg\u00f8rende og<br> indbyrdes forbundne fundamenter.<\/p><\/div>\n<\/div><\/div>\n\n\n\n<div class=\"wp-block-uagb-container uagb-block-7a868933 alignfull uagb-is-root-container\"><div class=\"uagb-container-inner-blocks-wrap\">\n<div class=\"wp-block-uagb-container uagb-block-ad37b3bc\">\n<div class=\"wp-block-uagb-advanced-heading uagb-block-7acd1367\"><h2 class=\"uagb-heading-text\">Et Nyt Perspektiv p\u00e5 Arkitektur<\/h2><p class=\"uagb-desc-text\">Begrebet &#8220;arkitektur&#8221; associeres ofte udelukkende med teknologi og systemlandskaber. Dette er et for sn\u00e6vert perspektiv. En virksomheds reelle operationelle arkitektur er langt mere fundamental. Den omfatter hele det system, hvorigennem v\u00e6rdi skabes og leveres \u2013 fra de underliggende processer og de mennesker, der udf\u00f8rer dem, til de systemer, der underst\u00f8tter dem, og de data, der driver dem.<br>At designe en operationel arkitektur handler derfor om at tage et helhedsperspektiv. Det handler om at sikre, at alle dele af organisationen arbejder i harmoni mod et f\u00e6lles, strategisk m\u00e5l.<\/p><\/div>\n\n\n\n<div class=\"wp-block-uagb-advanced-heading uagb-block-eedf2ac4\"><h2 class=\"uagb-heading-text\">Fire Fundamenter for en Robust Arkitektur<\/h2><\/div>\n\n\n\n<div class=\"wp-block-uagb-container uagb-block-b545affc\">\n<div class=\"wp-block-uagb-image uagb-block-bb154f9b wp-block-uagb-image--layout-default wp-block-uagb-image--effect-static wp-block-uagb-image--align-none\"><figure class=\"wp-block-uagb-image__figure\"><img decoding=\"async\" srcset=\"https:\/\/northarete.com\/wp-content\/uploads\/2025\/10\/Ai_integration_de_4_arkitektoniske_soejler-removebg-preview.png ,https:\/\/northarete.com\/wp-content\/uploads\/2025\/10\/Ai_integration_de_4_arkitektoniske_soejler-removebg-preview.png 780w, https:\/\/northarete.com\/wp-content\/uploads\/2025\/10\/Ai_integration_de_4_arkitektoniske_soejler-removebg-preview.png 360w\" sizes=\"auto, (max-width: 480px) 150px\" src=\"https:\/\/northarete.com\/wp-content\/uploads\/2025\/10\/Ai_integration_de_4_arkitektoniske_soejler-removebg-preview.png\" alt=\"\" class=\"uag-image-2832\" width=\"647\" height=\"254\" title=\"Ai_integration_de_4_arkitektoniske_s\u00f8jler-removebg-preview\" loading=\"lazy\" role=\"img\"\/><\/figure><\/div>\n<\/div>\n<\/div>\n<\/div><\/div>\n\n\n\n<div class=\"wp-block-uagb-container uagb-block-b721b777 alignfull uagb-is-root-container\"><div class=\"uagb-container-inner-blocks-wrap\">\n<div class=\"wp-block-uagb-advanced-heading uagb-block-bf3514c1\"><h2 class=\"uagb-heading-text\">Et Ustoppeligt Fundament F\u00f8rst<\/h2><p class=\"uagb-desc-text\">Et succesfuldt byggeri starter ikke med at v\u00e6lge farven p\u00e5 d\u00f8rene; det starter med et fejlfrit fundament. P\u00e5 samme m\u00e5de starter en succesfuld transformation ikke med at v\u00e6lge software. Den starter med et&nbsp;<strong>Strategisk Fundament<\/strong>&nbsp;\u2013 en dybdeg\u00e5ende analyse og et millimeterpr\u00e6cist design af de processer, der&nbsp;<em>driver<\/em>&nbsp;din forretning.<br><\/p><\/div>\n\n\n\n<div class=\"wp-block-group is-nowrap is-layout-flex wp-container-core-group-is-layout-6c531013 wp-block-group-is-layout-flex\">\n<div class=\"wp-block-uagb-container uagb-block-319938a0\">\n<div class=\"wp-block-group is-nowrap is-layout-flex wp-container-core-group-is-layout-6c531013 wp-block-group-is-layout-flex\">\n<div class=\"wp-block-uagb-container uagb-block-63c56e1e\">\n<div class=\"wp-block-uagb-advanced-heading uagb-block-3d2dde71\"><h2 class=\"uagb-heading-text\">1. V\u00e6rdik\u00e6de &amp; Proces<\/h2><p class=\"uagb-desc-text\">Fundamentet for al optimering. F\u00f8r valg af teknologi kortl\u00e6gges virksomhedens kernev\u00e6rdik\u00e6de for at identificere de kritiske processer, hvor den st\u00f8rste v\u00e6rdi skabes \u2013 og hvor de st\u00f8rste potentialer for forbedring ligger. Det handler om at designe processen f\u00f8rst.<\/p><\/div>\n<\/div>\n<\/div>\n\n\n\n<div class=\"wp-block-group is-nowrap is-layout-flex wp-container-core-group-is-layout-6c531013 wp-block-group-is-layout-flex\">\n<div class=\"wp-block-uagb-container uagb-block-345c664a\">\n<div class=\"wp-block-uagb-advanced-heading uagb-block-82e1a3ee\"><h2 class=\"uagb-heading-text\">3. Kompetence &amp; Kontekst<\/h2><p class=\"uagb-desc-text\">Den menneskelige dimension. Et system er kun s\u00e5 st\u00e6rkt som de mennesker, der bruger det. Dette fundament sikrer, at organisationen har den n\u00f8dvendige forst\u00e5else og de rette kompetencer til at udnytte de nye systemer og processer fuldt ud.<\/p><\/div>\n<\/div>\n<\/div>\n<\/div>\n\n\n\n<div class=\"wp-block-uagb-container uagb-block-ac1e8038 alignfull uagb-is-root-container\"><div class=\"uagb-container-inner-blocks-wrap\">\n<div class=\"wp-block-group is-nowrap is-layout-flex wp-container-core-group-is-layout-6c531013 wp-block-group-is-layout-flex\">\n<div class=\"wp-block-uagb-container uagb-block-d1b35437\">\n<div class=\"wp-block-uagb-advanced-heading uagb-block-7b28a624\"><h2 class=\"uagb-heading-text\">2. Teknologi &amp; Systemer<\/h2><p class=\"uagb-desc-text\">De rigtige v\u00e6rkt\u00f8jer til opgaven. Med en klar forst\u00e5else for processerne kan det korrekte teknologiske niveau og systemlandskab designes \u2013 fra simple automatiseringer til fuldt integrerede platforme. Teknologien skal tjene processen, ikke omvendt.<br><\/p><\/div>\n<\/div>\n<\/div>\n\n\n\n<div class=\"wp-block-group is-nowrap is-layout-flex wp-container-core-group-is-layout-6c531013 wp-block-group-is-layout-flex\">\n<div class=\"wp-block-uagb-container uagb-block-c9be6785\">\n<div class=\"wp-block-uagb-advanced-heading uagb-block-b0e40875\"><h2 class=\"uagb-heading-text\">4. Data &amp; Indsigt<\/h2><p class=\"uagb-desc-text\">Br\u00e6ndstoffet til intelligente beslutninger. En moderne arkitektur er designet til at indsamle og strukturere data korrekt. Dette fundament sikrer et solidt, datadrevet grundlag for at tr\u00e6ffe strategiske beslutninger og l\u00f8bende optimere driften.<br><\/p><\/div>\n<\/div>\n<\/div>\n<\/div><\/div>\n<\/div>\n<\/div><\/div>\n\n\n\n<div class=\"wp-block-uagb-container uagb-block-90a0999b alignfull uagb-is-root-container\"><div class=\"uagb-container-inner-blocks-wrap\"><a class=\"wp-block-read-more\" href=\"https:\/\/northarete.com\/index.php\/operationel-arkitektur\/\" target=\"_self\">En arkitektur bygget p\u00e5 disse fire fundamenter er robust. Men den skal ogs\u00e5 designes til at modst\u00e5 de uundg\u00e5elige, eksterne pres.<br><a href=\"https:\/\/2gaov29k3qq7lk2u2xg87lnwgrz4q43p5as1t5tv15s4ppy42w-h813239537.scf.usercontent.goog\/a8a33869-e669-4163-8324-6198ef87e50d#\">N\u00e6ste skridt \u2192 Forst\u00e5 det Regulatoriske Landskab<\/a><br><a href=\"https:\/\/2gaov29k3qq7lk2u2xg87lnwgrz4q43p5as1t5tv15s4ppy42w-h813239537.scf.usercontent.goog\/a8a33869-e669-4163-8324-6198ef87e50d#\"><\/a><span class=\"screen-reader-text\">: Operationel Arkitektur<\/span><\/a><\/div><\/div>\n\n\n\n<div class=\"wp-block-uagb-container uagb-block-370e98c4 alignfull uagb-is-root-container\"><div class=\"uagb-container-inner-blocks-wrap\">\n<div class=\"wp-block-uagb-advanced-heading uagb-block-754a3015\"><h2 class=\"uagb-heading-text\">F\u00e5 Radaren: Dit Strategiske Overblik<\/h2><p class=\"uagb-desc-text\">Modtag vores m\u00e5nedlige briefing direkte i din indbakke. Vi analyserer de afg\u00f8rende politiske, teknologiske og finansielle forskydninger og overs\u00e6tter dem til konkret, handlingsorienteret indsigt for dig som ejerleder. Tag kontrol ved at se, hvad der kommer.<\/p><\/div>\n\n\n\n<div class=\"wp-block-uagb-forms uagb-forms__outer-wrap uagb-block-c6598e56 uagb-forms__medium-btn\"><form class=\"uagb-forms-main-form\" method=\"post\" autocomplete=\"on\" name=\"uagb-form-c6598e56\">\n<div class=\"wp-block-uagb-forms-name uagb-forms-name-wrap uagb-forms-field-set uagb-block-58a3744c\"><div class=\"uagb-forms-name-label required uagb-forms-input-label\" id=\"58a3744c\">Name<\/div><input type=\"text\" placeholder=\"John Doe\" required class=\"uagb-forms-name-input uagb-forms-input\" name=\"58a3744c\" autocomplete=\"name\"\/><\/div>\n\n\n\n<div class=\"wp-block-uagb-forms-email uagb-forms-email-wrap uagb-forms-field-set uagb-block-a955524f\"><div class=\"uagb-forms-email-label  uagb-forms-input-label\" id=\"a955524f\">Email<\/div><input type=\"email\" class=\"uagb-forms-email-input uagb-forms-input\" placeholder=\"example@mail.com\" name=\"a955524f\" autocomplete=\"email\"\/><\/div>\n<div class=\"uagb-forms-form-hidden-data\"><input type=\"hidden\" class=\"uagb_forms_form_label\" value=\"Spectra Form\"\/><input type=\"hidden\" class=\"uagb_forms_form_id\" value=\"uagb-form-c6598e56\"\/><\/div><div class=\"uagb-form-reacaptcha-error-c6598e56\"><\/div><div class=\"uagb-forms-main-submit-button-wrap wp-block-button\"><button class=\"uagb-forms-main-submit-button wp-block-button__link\"><div class=\"uagb-forms-main-submit-button-text\">Submit<\/div><\/button><\/div><\/form><div class=\"uagb-forms-success-message-c6598e56 uagb-forms-submit-message-hide\"><span>The form has been submitted successfully!<\/span><\/div><div class=\"uagb-forms-failed-message-c6598e56 uagb-forms-submit-message-hide\"><span>There has been some error while submitting the form. Please verify all form fields again.<\/span><\/div><\/div>\n<\/div><\/div>\n\n\n\n<p><a href=\"https:\/\/gemini.google.com\/share\/e5cd5e0cc1aa\">df<\/a><\/p>\n\n\n\n<div class=\"wp-block-uagb-container uagb-block-d7a84459 alignfull uagb-is-root-container\"><div class=\"uagb-container-inner-blocks-wrap\"><\/div><\/div>\n","protected":false},"excerpt":{"rendered":"<p>Operationel Arkitektur: De Fire Fundamenter for V\u00e6kst En robust operationel arkitektur er ikke et enkeltst\u00e5ende IT-projekt. Det er et fuldt [&hellip;]<\/p>\n","protected":false},"author":1,"featured_media":0,"parent":0,"menu_order":0,"comment_status":"closed","ping_status":"closed","template":"","meta":{"_uag_custom_page_level_css":"","site-sidebar-layout":"default","site-content-layout":"","ast-site-content-layout":"default","site-content-style":"default","site-sidebar-style":"default","ast-global-header-display":"","ast-banner-title-visibility":"","ast-main-header-display":"","ast-hfb-above-header-display":"","ast-hfb-below-header-display":"","ast-hfb-mobile-header-display":"","site-post-title":"disabled","ast-breadcrumbs-content":"","ast-featured-img":"","footer-sml-layout":"","theme-transparent-header-meta":"","adv-header-id-meta":"","stick-header-meta":"","header-above-stick-meta":"","header-main-stick-meta":"","header-below-stick-meta":"","astra-migrate-meta-layouts":"default","ast-page-background-enabled":"default","ast-page-background-meta":{"desktop":{"background-color":"var(--ast-global-color-5)","background-image":"","background-repeat":"repeat","background-position":"center center","background-size":"auto","background-attachment":"scroll","background-type":"","background-media":"","overlay-type":"","overlay-color":"","overlay-opacity":"","overlay-gradient":""},"tablet":{"background-color":"","background-image":"","background-repeat":"repeat","background-position":"center center","background-size":"auto","background-attachment":"scroll","background-type":"","background-media":"","overlay-type":"","overlay-color":"","overlay-opacity":"","overlay-gradient":""},"mobile":{"background-color":"","background-image":"","background-repeat":"repeat","background-position":"center center","background-size":"auto","background-attachment":"scroll","background-type":"","background-media":"","overlay-type":"","overlay-color":"","overlay-opacity":"","overlay-gradient":""}},"ast-content-background-meta":{"desktop":{"background-color":"var(--ast-global-color-4)","background-image":"","background-repeat":"repeat","background-position":"center center","background-size":"auto","background-attachment":"scroll","background-type":"","background-media":"","overlay-type":"","overlay-color":"","overlay-opacity":"","overlay-gradient":""},"tablet":{"background-color":"var(--ast-global-color-4)","background-image":"","background-repeat":"repeat","background-position":"center center","background-size":"auto","background-attachment":"scroll","background-type":"","background-media":"","overlay-type":"","overlay-color":"","overlay-opacity":"","overlay-gradient":""},"mobile":{"background-color":"var(--ast-global-color-4)","background-image":"","background-repeat":"repeat","background-position":"center center","background-size":"auto","background-attachment":"scroll","background-type":"","background-media":"","overlay-type":"","overlay-color":"","overlay-opacity":"","overlay-gradient":""}},"footnotes":""},"class_list":["post-2828","page","type-page","status-publish","hentry"],"uagb_featured_image_src":{"full":false,"thumbnail":false,"medium":false,"medium_large":false,"large":false,"1536x1536":false,"2048x2048":false},"uagb_author_info":{"display_name":"admin","author_link":"https:\/\/northarete.com\/index.php\/author\/admin\/"},"uagb_comment_info":0,"uagb_excerpt":"Operationel Arkitektur: De Fire Fundamenter for V\u00e6kst En robust operationel arkitektur er ikke et enkeltst\u00e5ende IT-projekt. Det er et fuldt [&hellip;]","_links":{"self":[{"href":"https:\/\/northarete.com\/index.php\/wp-json\/wp\/v2\/pages\/2828","targetHints":{"allow":["GET"]}}],"collection":[{"href":"https:\/\/northarete.com\/index.php\/wp-json\/wp\/v2\/pages"}],"about":[{"href":"https:\/\/northarete.com\/index.php\/wp-json\/wp\/v2\/types\/page"}],"author":[{"embeddable":true,"href":"https:\/\/northarete.com\/index.php\/wp-json\/wp\/v2\/users\/1"}],"replies":[{"embeddable":true,"href":"https:\/\/northarete.com\/index.php\/wp-json\/wp\/v2\/comments?post=2828"}],"version-history":[{"count":24,"href":"https:\/\/northarete.com\/index.php\/wp-json\/wp\/v2\/pages\/2828\/revisions"}],"predecessor-version":[{"id":3016,"href":"https:\/\/northarete.com\/index.php\/wp-json\/wp\/v2\/pages\/2828\/revisions\/3016"}],"wp:attachment":[{"href":"https:\/\/northarete.com\/index.php\/wp-json\/wp\/v2\/media?parent=2828"}],"curies":[{"name":"wp","href":"https:\/\/api.w.org\/{rel}","templated":true}]}}