{"id":1449,"date":"2025-09-15T19:39:16","date_gmt":"2025-09-15T19:39:16","guid":{"rendered":"https:\/\/northarete.com\/?page_id=1449"},"modified":"2025-09-20T13:33:09","modified_gmt":"2025-09-20T13:33:09","slug":"om-mig-2","status":"publish","type":"page","link":"https:\/\/northarete.com\/index.php\/om-mig-2\/","title":{"rendered":"Strategisk R\u00e5dgivning"},"content":{"rendered":"\n<div data-aos= \"fade-up\" data-aos-duration=\"400\" data-aos-delay=\"0\" data-aos-easing=\"ease\" data-aos-once=\"true\" class=\"wp-block-uagb-container uagb-block-4ce8af04 alignfull uagb-is-root-container\">\n<div class=\"wp-block-cover is-light\" style=\"min-height:500px;aspect-ratio:unset;\"><img loading=\"lazy\" decoding=\"async\" width=\"1024\" height=\"600\" class=\"wp-block-cover__image-background wp-image-1850 size-full\" alt=\"\" src=\"http:\/\/northarete.com\/wp-content\/uploads\/2025\/09\/Trappe-editing-2-7.jpg\" style=\"object-position:81% 75%\" data-object-fit=\"cover\" data-object-position=\"81% 75%\" srcset=\"https:\/\/northarete.com\/wp-content\/uploads\/2025\/09\/Trappe-editing-2-7.jpg 1024w, https:\/\/northarete.com\/wp-content\/uploads\/2025\/09\/Trappe-editing-2-7-300x176.jpg 300w, https:\/\/northarete.com\/wp-content\/uploads\/2025\/09\/Trappe-editing-2-7-768x450.jpg 768w\" sizes=\"auto, (max-width: 1024px) 100vw, 1024px\" \/><span aria-hidden=\"true\" class=\"wp-block-cover__background has-ast-global-color-5-background-color has-background-dim-20 has-background-dim\"><\/span><div class=\"wp-block-cover__inner-container is-layout-constrained wp-block-cover-is-layout-constrained\">\n<div data-aos= \"fade-right\" data-aos-duration=\"400\" data-aos-delay=\"0\" data-aos-easing=\"ease\" data-aos-once=\"true\" class=\"wp-block-uagb-container uagb-block-27c6aa71\">\n<h2 class=\"wp-block-heading has-text-align-left has-ast-global-color-2-color has-text-color has-link-color has-manrope-font-family wp-elements-fd7c8d0df23cf6d05f17dff38b300c7d\" style=\"font-style:normal;font-weight:100\">Effektivisering P\u00e5 Et Nyt Niveau<\/h2>\n<\/div>\n<\/div><\/div>\n<\/div>\n\n\n\n<div class=\"wp-block-uagb-container uagb-block-6307030f alignfull uagb-is-root-container\"><div class=\"uagb-container-inner-blocks-wrap\">\n<div class=\"wp-block-uagb-container uagb-block-5808a6ed\">\n<div class=\"wp-block-uagb-container uagb-block-87fa80a2\">\n<div data-aos= \"fade-down\" data-aos-duration=\"400\" data-aos-delay=\"0\" data-aos-easing=\"ease\" data-aos-once=\"true\" class=\"wp-block-uagb-advanced-heading uagb-block-2949627c\"><h2 class=\"uagb-heading-text\"><strong> R\u00e5dgivning &amp; Partnerskab<\/strong><\/h2><\/div>\n\n\n\n<div data-aos= \"fade-down\" data-aos-duration=\"400\" data-aos-delay=\"0\" data-aos-easing=\"ease\" data-aos-once=\"true\" class=\"wp-block-uagb-container uagb-block-eb994f9e\">\n<p>I en tid hvor potentialet i AI og intelligent automatisering er uomtvisteligt, ligger den virkelige kunst ikke i at anskaffe teknologien, men i at integrere den med strategisk pr\u00e6cision. Forkerte valg kan f\u00f8re til spildte ressourcer, ineffektive l\u00f8sninger og tabt konkurrenceevne. Den rette strategiske partner hj\u00e6lper jer med at navigere i kompleksiteten, undg\u00e5 faldgruberne og sikre, at jeres investering ikke blot er teknologisk avanceret, men fundamentalt v\u00e6rdiskabende for netop jeres forretning. <\/p>\n<\/div>\n\n\n\n<div class=\"wp-block-uagb-container uagb-block-be828de1\">\n<p>Mit fokus er at bygge den bro, der sikkert f\u00f8rer jeres virksomhed fra nuv\u00e6rende processer til en fremtid, hvor teknologi tjener som en strategisk accelerator. Det handler om at tr\u00e6ffe de rigtige valg, i den rigtige r\u00e6kkef\u00f8lge, p\u00e5 et fuldt oplyst grundlag.<\/p>\n<\/div>\n<\/div>\n<\/div>\n\n\n\n<div class=\"wp-block-uagb-container uagb-block-b6828a04\">\n<div data-aos= \"fade-left\" data-aos-duration=\"400\" data-aos-delay=\"0\" data-aos-easing=\"ease\" data-aos-once=\"true\" class=\"wp-block-uagb-image uagb-block-6c5219ec wp-block-uagb-image--layout-default wp-block-uagb-image--effect-static wp-block-uagb-image--align-none\"><figure class=\"wp-block-uagb-image__figure\"><img decoding=\"async\" srcset=\"https:\/\/northarete.com\/wp-content\/uploads\/2025\/09\/unnamed-4.png ,https:\/\/northarete.com\/wp-content\/uploads\/2025\/09\/unnamed-4.png 780w, https:\/\/northarete.com\/wp-content\/uploads\/2025\/09\/unnamed-4.png 360w\" sizes=\"auto, (max-width: 480px) 150px\" src=\"https:\/\/northarete.com\/wp-content\/uploads\/2025\/09\/unnamed-4.png\" alt=\"\" class=\"uag-image-1624\" width=\"392\" height=\"392\" title=\"unnamed (4)\" loading=\"lazy\" role=\"img\"\/><\/figure><\/div>\n<\/div>\n<\/div><\/div>\n\n\n\n<div data-aos= \"fade-down\" data-aos-duration=\"400\" data-aos-delay=\"0\" data-aos-easing=\"ease\" data-aos-once=\"true\" class=\"wp-block-uagb-container uagb-block-80bd4dcc alignfull uagb-is-root-container\"><div class=\"uagb-container-inner-blocks-wrap\">\n<div class=\"wp-block-group is-nowrap is-layout-flex wp-container-core-group-is-layout-6c531013 wp-block-group-is-layout-flex\">\n<div class=\"wp-block-uagb-container uagb-block-d0a732f1\">\n<div class=\"wp-block-group is-nowrap is-layout-flex wp-container-core-group-is-layout-6c531013 wp-block-group-is-layout-flex\">\n<div class=\"wp-block-uagb-container uagb-block-28d90a99\">\n<div data-aos= \"fade-right\" data-aos-duration=\"400\" data-aos-delay=\"0\" data-aos-easing=\"ease\" data-aos-once=\"true\" class=\"wp-block-uagb-image alignleft uagb-block-e686b1fc wp-block-uagb-image--layout-default wp-block-uagb-image--effect-static wp-block-uagb-image--align-left\"><figure class=\"wp-block-uagb-image__figure\"><img decoding=\"async\" srcset=\"https:\/\/northarete.com\/wp-content\/uploads\/2025\/09\/unnamed-5.png ,https:\/\/northarete.com\/wp-content\/uploads\/2025\/09\/unnamed-5.png 780w, https:\/\/northarete.com\/wp-content\/uploads\/2025\/09\/unnamed-5.png 360w\" sizes=\"auto, (max-width: 480px) 150px\" src=\"https:\/\/northarete.com\/wp-content\/uploads\/2025\/09\/unnamed-5.png\" alt=\"\" class=\"uag-image-1669\" width=\"747\" height=\"1024\" title=\"unnamed (5)\" loading=\"lazy\" role=\"img\"\/><\/figure><\/div>\n<\/div>\n\n\n\n<div data-aos= \"fade-down\" data-aos-duration=\"400\" data-aos-delay=\"0\" data-aos-easing=\"ease\" data-aos-once=\"true\" class=\"wp-block-uagb-container uagb-block-765d1765\">\n<div data-aos= \"fade-down\" data-aos-duration=\"400\" data-aos-delay=\"0\" data-aos-easing=\"ease\" data-aos-once=\"true\" class=\"wp-block-uagb-container uagb-block-9995d948\">\n<h3 class=\"wp-block-heading has-ast-global-color-3-color has-text-color has-link-color wp-elements-8b52e4d647d8bfdaccff6ce800755368\"><strong>Strategisk R\u00e5dgivning &amp; Partnerskab i Digital Transformation<\/strong><\/h3>\n<\/div>\n\n\n\n<div data-aos= \"fade-down\" data-aos-duration=\"400\" data-aos-delay=\"0\" data-aos-easing=\"ease\" data-aos-once=\"true\" class=\"wp-block-uagb-container uagb-block-2e5682cb\">\n<p>Gennem fire faser bygger vi sammen broen mellem jeres strategiske vision og en praktisk, teknisk virkelighed. Resultatet er ikke blot en rapport, men <strong>beslutningssikkerhed<\/strong> \u2013 I f\u00e5r den indsigt og den retning, der er n\u00f8dvendig for at investere klogt.<\/p>\n<\/div>\n\n\n\n<div class=\"wp-block-uagb-icon-list uagb-block-4fb86583\"><div class=\"uagb-icon-list__wrap\">\n<div data-aos= \"fade-down\" data-aos-duration=\"400\" data-aos-delay=\"0\" data-aos-easing=\"ease\" data-aos-once=\"true\" class=\"wp-block-uagb-icon-list-child uagb-block-7d4fafb4\"><span class=\"uagb-icon-list__source-wrap\"><svg xmlns=\"https:\/\/www.w3.org\/2000\/svg\" viewBox=\"0 0 448 512\"><path d=\"M438.6 105.4C451.1 117.9 451.1 138.1 438.6 150.6L182.6 406.6C170.1 419.1 149.9 419.1 137.4 406.6L9.372 278.6C-3.124 266.1-3.124 245.9 9.372 233.4C21.87 220.9 42.13 220.9 54.63 233.4L159.1 338.7L393.4 105.4C405.9 92.88 426.1 92.88 438.6 105.4H438.6z\"><\/path><\/svg><\/span><span class=\"uagb-icon-list__label\"><strong>Potentialeanalyse &amp; Diagnostik<\/strong> <br>Fasen starter med en dybdeg\u00e5ende analyse af jeres processer og IT-landskab for at identificere konkrete flaskehalse og manuelle byrder. Resultatet er en objektiv diagnose og en prioriteret liste over de omr\u00e5der, hvor automatisering vil skabe den st\u00f8rste og hurtigste v\u00e6rdi.<\/span><\/div>\n\n\n\n<div data-aos= \"fade-down\" data-aos-duration=\"400\" data-aos-delay=\"0\" data-aos-easing=\"ease\" data-aos-once=\"true\" class=\"wp-block-uagb-icon-list-child uagb-block-2029c6ff\"><span class=\"uagb-icon-list__source-wrap\"><svg xmlns=\"https:\/\/www.w3.org\/2000\/svg\" viewBox=\"0 0 448 512\"><path d=\"M438.6 105.4C451.1 117.9 451.1 138.1 438.6 150.6L182.6 406.6C170.1 419.1 149.9 419.1 137.4 406.6L9.372 278.6C-3.124 266.1-3.124 245.9 9.372 233.4C21.87 220.9 42.13 220.9 54.63 233.4L159.1 338.7L393.4 105.4C405.9 92.88 426.1 92.88 438.6 105.4H438.6z\"><\/path><\/svg><\/span><span class=\"uagb-icon-list__label\"><strong>Arkitektur &amp; L\u00f8sningsdesign<\/strong> <br>Her designes den tekniske arkitektur for den fremtidige l\u00f8sning. Der defineres et pr\u00e6cist dataflow, specificeres API-krav og sikres et skalerbart og sikkert design. I modtager et teknisk blueprint, der er i fuld overensstemmelse med jeres forretningsm\u00e6ssige m\u00e5l.<\/span><\/div>\n\n\n\n<div data-aos= \"fade-down\" data-aos-duration=\"400\" data-aos-delay=\"0\" data-aos-easing=\"ease\" data-aos-once=\"true\" class=\"wp-block-uagb-icon-list-child uagb-block-ba9ea2da\"><span class=\"uagb-icon-list__source-wrap\"><svg xmlns=\"https:\/\/www.w3.org\/2000\/svg\" viewBox=\"0 0 448 512\"><path d=\"M438.6 105.4C451.1 117.9 451.1 138.1 438.6 150.6L182.6 406.6C170.1 419.1 149.9 419.1 137.4 406.6L9.372 278.6C-3.124 266.1-3.124 245.9 9.372 233.4C21.87 220.9 42.13 220.9 54.63 233.4L159.1 338.7L393.4 105.4C405.9 92.88 426.1 92.88 438.6 105.4H438.6z\"><\/path><\/svg><\/span><span class=\"uagb-icon-list__label\"><strong>Uvildig Teknologivurdering<\/strong> <br>Som jeres uvildige partner gennemg\u00e5s markedet for relevante teknologier og AI-modeller. Anbefalingen baseres udelukkende p\u00e5 jeres unikke behov, budget og strategi. Da processen ikke handler om softwaresalg, er I sikret en fuldst\u00e6ndig objektiv og \u00e6rlig r\u00e5dgivning.<\/span><\/div>\n\n\n\n<div data-aos= \"fade-down\" data-aos-duration=\"400\" data-aos-delay=\"0\" data-aos-easing=\"ease\" data-aos-once=\"true\" class=\"wp-block-uagb-icon-list-child uagb-block-dd8dd95a\"><span class=\"uagb-icon-list__source-wrap\"><svg xmlns=\"https:\/\/www.w3.org\/2000\/svg\" viewBox=\"0 0 448 512\"><path d=\"M438.6 105.4C451.1 117.9 451.1 138.1 438.6 150.6L182.6 406.6C170.1 419.1 149.9 419.1 137.4 406.6L9.372 278.6C-3.124 266.1-3.124 245.9 9.372 233.4C21.87 220.9 42.13 220.9 54.63 233.4L159.1 338.7L393.4 105.4C405.9 92.88 426.1 92.88 438.6 105.4H438.6z\"><\/path><\/svg><\/span><span class=\"uagb-icon-list__label\"><strong>Implementerings-Roadmap &amp; Risikostyring<\/strong> <br>Den sidste fase oms\u00e6tter arkitekturen til et konkret og handlingsorienteret roadmap. Planen definerer klare milep\u00e6le, tidslinjer, budgetter og potentielle risici. I modtager en komplet k\u00f8replan, der giver det fulde overblik og den tryghed, der skal til for en sikker implementering.<\/span><\/div>\n<\/div><\/div>\n\n\n\n<div data-aos= \"fade-down\" data-aos-duration=\"400\" data-aos-delay=\"0\" data-aos-easing=\"ease\" data-aos-once=\"true\" class=\"wp-block-uagb-container uagb-block-fa005fc8\">\n<p>Men min rolle stopper ikke ved levering af en f\u00e6rdig l\u00f8sning. For den sande v\u00e6rdi af AI opn\u00e5s f\u00f8rst, n\u00e5r jeres organisation l\u00e6rer at udnytte dens fulde potentiale.<\/p>\n<\/div>\n<\/div>\n<\/div>\n<\/div>\n<\/div>\n<\/div><\/div>\n\n\n\n<div class=\"wp-block-uagb-container uagb-block-b425a2a1 alignfull uagb-is-root-container\"><div class=\"uagb-container-inner-blocks-wrap\">\n<div class=\"wp-block-uagb-container uagb-block-1927c14b\">\n<div data-aos= \"fade-down\" data-aos-duration=\"400\" data-aos-delay=\"0\" data-aos-easing=\"ease\" data-aos-once=\"true\" class=\"wp-block-uagb-advanced-heading uagb-block-09ded8b6\"><h2 class=\"uagb-heading-text\"><strong>Proces og kontekst arkitektur <\/strong><\/h2><\/div>\n\n\n\n<div data-aos= \"fade-down\" data-aos-duration=\"400\" data-aos-delay=\"0\" data-aos-easing=\"ease\" data-aos-once=\"true\" class=\"wp-block-uagb-container uagb-block-ffda8659\">\n<p>En AI&#8217;s reelle v\u00e6rdi er direkte afh\u00e6ngig af den kvalitet, den fodres med. For at transformere et godt v\u00e6rkt\u00f8j til en uvurderlig digital kollega, handler det om at mestre samspillet mellem tre kerneelementer: <strong>Kontekst, Proces og Arkitektur.<\/strong><\/p>\n<\/div>\n\n\n\n<div data-aos= \"fade-down\" data-aos-duration=\"400\" data-aos-delay=\"0\" data-aos-easing=\"ease\" data-aos-once=\"true\" class=\"wp-block-uagb-container uagb-block-8ea91c46\">\n<p>Det handler om <strong>kontekst<\/strong> \u2013 at give AI&#8217;en den rette forretningsm\u00e6ssige baggrundsinformation, kundehistorik og viden om jeres specifikke arbejdsgange, s\u00e5 den ikke g\u00e6tter, men agerer p\u00e5 et oplyst grundlag. Det handler om <strong>proces<\/strong> \u2013 at definere pr\u00e6cis, hvorn\u00e5r og hvordan AI&#8217;en skal aktiveres i jeres eksisterende workflows for at skabe maksimal effekt. Og vigtigst af alt, handler det om <strong>arkitektur<\/strong> \u2013 at designe den tekniske struktur, der sikrer, at AI&#8217;en kan hente og levere data p\u00e5 tv\u00e6rs af jeres systemer, s\u00e5 kunsten at mestre <em>prompting<\/em> bliver bygget ind som en automatiseret og intelligent del af jeres maskinrum.<\/p>\n<\/div>\n\n\n\n<div data-aos= \"fade-down\" data-aos-duration=\"400\" data-aos-delay=\"0\" data-aos-easing=\"ease\" data-aos-once=\"true\" class=\"wp-block-uagb-container uagb-block-39fa4117\">\n<p>Som en del af vores partnerskab stopper vi derfor ikke ved implementeringen. Jeg tilbyder strategisk vejledning i netop dette samspil og hj\u00e6lper jer med at bygge den arkitektur, der sikrer, at jeres AI altid tr\u00e6ffer de rigtige beslutninger. M\u00e5let er, at jeres team ikke blot f\u00e5r en ny, automatiseret proces, men opbygger de kompetencer, der sikrer jer en vedvarende konkurrencefordel i en stadigt mere intelligent fremtid.<\/p>\n<\/div>\n<\/div>\n\n\n\n<div data-aos= \"fade-left\" data-aos-duration=\"400\" data-aos-delay=\"0\" data-aos-easing=\"ease\" data-aos-once=\"true\" class=\"wp-block-uagb-container uagb-block-705a9166\">\n<div class=\"wp-block-uagb-image uagb-block-c009c8a7 wp-block-uagb-image--layout-default wp-block-uagb-image--effect-static wp-block-uagb-image--align-none\"><figure class=\"wp-block-uagb-image__figure\"><img decoding=\"async\" srcset=\"https:\/\/northarete.com\/wp-content\/uploads\/2025\/09\/Gemini_Generated_Image_v3mn1gv3mn1gv3mn.png ,https:\/\/northarete.com\/wp-content\/uploads\/2025\/09\/Gemini_Generated_Image_v3mn1gv3mn1gv3mn.png 780w, https:\/\/northarete.com\/wp-content\/uploads\/2025\/09\/Gemini_Generated_Image_v3mn1gv3mn1gv3mn.png 360w\" sizes=\"auto, (max-width: 480px) 150px\" src=\"https:\/\/northarete.com\/wp-content\/uploads\/2025\/09\/Gemini_Generated_Image_v3mn1gv3mn1gv3mn.png\" alt=\"\" class=\"uag-image-1672\" width=\"400\" height=\"399\" title=\"Gemini_Generated_Image_v3mn1gv3mn1gv3mn\" loading=\"lazy\" role=\"img\"\/><\/figure><\/div>\n<\/div>\n<\/div><\/div>\n\n\n\n<div data-aos= \"fade-down\" data-aos-duration=\"400\" data-aos-delay=\"0\" data-aos-easing=\"ease\" data-aos-once=\"true\" class=\"wp-block-uagb-container uagb-block-2ef17b3f alignfull uagb-is-root-container\">\n<div class=\"wp-block-uagb-container uagb-block-14ea27cc\">\n<div class=\"wp-block-uagb-container uagb-block-139deb6a\">\n<div class=\"wp-block-uagb-advanced-heading uagb-block-2ac33bf2\"><h1 class=\"uagb-heading-text\">Find jeres skjulte v\u00e6kstpotentiale <br>p\u00e5 10 minutter<\/h1><\/div>\n\n\n\n<p class=\"has-text-align-center has-ast-global-color-5-color has-text-color has-link-color wp-elements-4c20e3b32eef13d4609b1c7aad23cdb7\">Vores Automated Process Maturity Audit er et gratis, interaktivt v\u00e6rkt\u00f8j, der giver jer en personaliseret rapport med konkrete anbefalinger til, hvor I mest effektivt kan optimere jeres processer<\/p>\n<\/div>\n\n\n\n<div class=\"wp-block-kadence-advancedbtn kb-buttons-wrap kb-btns1449_e29686-67\"><\/div>\n<\/div>\n<\/div>\n\n\n\n<div class=\"wp-block-uagb-container uagb-block-15f680fe alignfull uagb-is-root-container\"><div class=\"uagb-container-inner-blocks-wrap\">\n<div class=\"wp-block-group is-nowrap is-layout-flex wp-container-core-group-is-layout-6c531013 wp-block-group-is-layout-flex\">\n<div data-aos= \"fade-right\" data-aos-duration=\"400\" data-aos-delay=\"0\" data-aos-easing=\"ease\" data-aos-once=\"true\" class=\"wp-block-uagb-container uagb-block-7510d0cd\"><\/div>\n\n\n\n<div data-aos= \"fade-down\" data-aos-duration=\"400\" data-aos-delay=\"0\" data-aos-easing=\"ease\" data-aos-once=\"true\" class=\"wp-block-uagb-container uagb-block-263b0843 default uagb-is-root-container\">\n<div class=\"wp-block-uagb-container uagb-block-8ed844b1\">\n<p><strong>Klar til at Udforske Potentialet?<\/strong><\/p>\n\n\n\n<p>Er I nysgerrige p\u00e5, hvad intelligent automatisering reelt kan betyde for jeres virksomhed?<\/p>\n\n\n\n<p>Den bedste proces starter ofte med en \u00e5ben og uforpligtende samtale. Lad os tage en snak om jeres specifikke udfordringer og ambitioner. M\u00e5let er ikke et salg, men at vi i f\u00e6llesskab kan afd\u00e6kke, om der er et solidt grundlag for et v\u00e6rdifuldt og langvarigt partnerskab.<\/p>\n\n\n\n<p>Jeg ser frem til at h\u00f8re fra jer.<\/p>\n<\/div>\n<\/div>\n<\/div>\n<\/div><\/div>\n\n\n\n<div data-aos= \"fade-down\" data-aos-duration=\"400\" data-aos-delay=\"0\" data-aos-easing=\"ease\" data-aos-once=\"true\" class=\"wp-block-uagb-container uagb-block-a75bbfb2 alignfull uagb-is-root-container\"><div class=\"uagb-container-inner-blocks-wrap\">\n<div class=\"wp-block-uagb-container uagb-block-e24e59d7\"><\/div>\n\n\n\n<div class=\"wp-block-group is-nowrap is-layout-flex wp-container-core-group-is-layout-6c531013 wp-block-group-is-layout-flex\">\n<div class=\"wp-block-uagb-container uagb-block-ec3d4b38\"><div class=\"wp-block-uagb-faq uagb-faq__outer-wrap uagb-block-e846fc6b uagb-faq-icon-row uagb-faq-layout-accordion uagb-faq-expand-first-true uagb-faq-inactive-other-true uagb-faq__wrap uagb-buttons-layout-wrap uagb-faq-equal-height     \" data-faqtoggle=\"true\" role=\"tablist\"><div class=\"wp-block-uagb-faq-child uagb-faq-child__outer-wrap uagb-faq-item uagb-block-98519c8a \" role=\"tab\" tabindex=\"0\"><div class=\"uagb-faq-questions-button uagb-faq-questions\">\t\t\t<span class=\"uagb-icon uagb-faq-icon-wrap\">\n\t\t\t\t\t\t\t\t<svg xmlns=\"https:\/\/www.w3.org\/2000\/svg\" viewBox= \"0 0 448 512\"><path d=\"M432 256c0 17.69-14.33 32.01-32 32.01H256v144c0 17.69-14.33 31.99-32 31.99s-32-14.3-32-31.99v-144H48c-17.67 0-32-14.32-32-32.01s14.33-31.99 32-31.99H192v-144c0-17.69 14.33-32.01 32-32.01s32 14.32 32 32.01v144h144C417.7 224 432 238.3 432 256z\"><\/path><\/svg>\n\t\t\t\t\t\t\t<\/span>\n\t\t\t\t\t\t<span class=\"uagb-icon-active uagb-faq-icon-wrap\">\n\t\t\t\t\t\t\t\t<svg xmlns=\"https:\/\/www.w3.org\/2000\/svg\" viewBox= \"0 0 448 512\"><path d=\"M400 288h-352c-17.69 0-32-14.32-32-32.01s14.31-31.99 32-31.99h352c17.69 0 32 14.3 32 31.99S417.7 288 400 288z\"><\/path><\/svg>\n\t\t\t\t\t\t\t<\/span>\n\t\t\t<span class=\"uagb-question\">What is FAQ?<\/span><\/div><div class=\"uagb-faq-content\"><p><\/p><\/div><\/div><div class=\"wp-block-uagb-faq-child uagb-faq-child__outer-wrap uagb-faq-item uagb-block-c2b33fc9 \" role=\"tab\" tabindex=\"0\"><div class=\"uagb-faq-questions-button uagb-faq-questions\">\t\t\t<span class=\"uagb-icon uagb-faq-icon-wrap\">\n\t\t\t\t\t\t\t\t<svg xmlns=\"https:\/\/www.w3.org\/2000\/svg\" viewBox= \"0 0 448 512\"><path d=\"M432 256c0 17.69-14.33 32.01-32 32.01H256v144c0 17.69-14.33 31.99-32 31.99s-32-14.3-32-31.99v-144H48c-17.67 0-32-14.32-32-32.01s14.33-31.99 32-31.99H192v-144c0-17.69 14.33-32.01 32-32.01s32 14.32 32 32.01v144h144C417.7 224 432 238.3 432 256z\"><\/path><\/svg>\n\t\t\t\t\t\t\t<\/span>\n\t\t\t\t\t\t<span class=\"uagb-icon-active uagb-faq-icon-wrap\">\n\t\t\t\t\t\t\t\t<svg xmlns=\"https:\/\/www.w3.org\/2000\/svg\" viewBox= \"0 0 448 512\"><path d=\"M400 288h-352c-17.69 0-32-14.32-32-32.01s14.31-31.99 32-31.99h352c17.69 0 32 14.3 32 31.99S417.7 288 400 288z\"><\/path><\/svg>\n\t\t\t\t\t\t\t<\/span>\n\t\t\t<span class=\"uagb-question\">What is FAQ?<\/span><\/div><div class=\"uagb-faq-content\"><p>Lorem ipsum dolor sit amet, consectetur adipiscing elit, sed do eiusmod tempor incididunt ut labore et dolore magna aliqua. Ut enim ad minim veniam, quis nostrud exercitation ullamco laboris nisi ut aliquip ex ea commodo consequat.<\/p><\/div><\/div><\/div><\/div>\n\n\n\n<div class=\"wp-block-uagb-container uagb-block-26e3799c alignfull uagb-is-root-container\"><div class=\"uagb-container-inner-blocks-wrap\"><\/div><\/div>\n<\/div>\n<\/div><\/div>\n\n\n\n<div data-aos= \"fade-down\" data-aos-duration=\"400\" data-aos-delay=\"0\" data-aos-easing=\"ease\" data-aos-once=\"true\" class=\"wp-block-uagb-container uagb-block-ea2365e3 alignfull uagb-is-root-container\">\n<div class=\"wp-block-uagb-container uagb-block-d69172aa\"><\/div>\n\n\n\n<div class=\"wp-block-uagb-container uagb-block-ce5d82a6\">\n<div class=\"wp-block-uagb-advanced-heading uagb-block-a60d83f1\"><h3 class=\"uagb-heading-text\"><strong>NORTH ARETE<\/strong><\/h3><\/div>\n\n\n\n<p class=\"has-text-align-center\">Optimeret Handlekraft for Danske SMV&#8217;er CVR: [Dit CVR] | kontakt@northarete.dk<\/p>\n<\/div>\n\n\n\n<div class=\"wp-block-uagb-container uagb-block-f446a507\"><\/div>\n<\/div>\n\n\n\n<div class=\"wp-block-uagb-container uagb-block-46e7bf30 alignfull uagb-is-root-container\">\n<div class=\"wp-block-uagb-container uagb-block-b57ede04\">\n<div class=\"wp-block-uagb-container uagb-block-10e8a0b9\"><\/div>\n\n\n\n<p class=\"has-text-align-center has-manrope-font-family\"><em><strong>M\u00e5let med AI i erhvervslivet er ikke blot at automatisere processer, men at forst\u00e6rke menneskelig opfindsomhed og ekspertise.<\/strong><\/em><\/p>\n\n\n\n<p class=\"has-text-align-center has-ast-global-color-3-color has-text-color has-link-color wp-elements-f8206ac22cbaa6330eba6a5a6c8f3f98\"><strong>Kilde: <\/strong><em>Harvard Business Review<\/em><\/p>\n<\/div>\n<\/div>\n","protected":false},"excerpt":{"rendered":"<p>R\u00e5dgivning &amp; Partnerskab I en tid hvor potentialet i AI og intelligent automatisering er uomtvisteligt, ligger den virkelige kunst ikke [&hellip;]<\/p>\n","protected":false},"author":1,"featured_media":0,"parent":0,"menu_order":0,"comment_status":"closed","ping_status":"closed","template":"","meta":{"_uag_custom_page_level_css":"","site-sidebar-layout":"default","site-content-layout":"","ast-site-content-layout":"full-width-container","site-content-style":"unboxed","site-sidebar-style":"default","ast-global-header-display":"","ast-banner-title-visibility":"","ast-main-header-display":"","ast-hfb-above-header-display":"","ast-hfb-below-header-display":"","ast-hfb-mobile-header-display":"","site-post-title":"disabled","ast-breadcrumbs-content":"","ast-featured-img":"","footer-sml-layout":"","theme-transparent-header-meta":"","adv-header-id-meta":"","stick-header-meta":"","header-above-stick-meta":"","header-main-stick-meta":"","header-below-stick-meta":"","astra-migrate-meta-layouts":"default","ast-page-background-enabled":"default","ast-page-background-meta":{"desktop":{"background-color":"var(--ast-global-color-5)","background-image":"","background-repeat":"repeat","background-position":"center center","background-size":"auto","background-attachment":"scroll","background-type":"","background-media":"","overlay-type":"","overlay-color":"","overlay-opacity":"","overlay-gradient":""},"tablet":{"background-color":"","background-image":"","background-repeat":"repeat","background-position":"center center","background-size":"auto","background-attachment":"scroll","background-type":"","background-media":"","overlay-type":"","overlay-color":"","overlay-opacity":"","overlay-gradient":""},"mobile":{"background-color":"","background-image":"","background-repeat":"repeat","background-position":"center center","background-size":"auto","background-attachment":"scroll","background-type":"","background-media":"","overlay-type":"","overlay-color":"","overlay-opacity":"","overlay-gradient":""}},"ast-content-background-meta":{"desktop":{"background-color":"var(--ast-global-color-4)","background-image":"","background-repeat":"repeat","background-position":"center center","background-size":"auto","background-attachment":"scroll","background-type":"","background-media":"","overlay-type":"","overlay-color":"","overlay-opacity":"","overlay-gradient":""},"tablet":{"background-color":"var(--ast-global-color-4)","background-image":"","background-repeat":"repeat","background-position":"center center","background-size":"auto","background-attachment":"scroll","background-type":"","background-media":"","overlay-type":"","overlay-color":"","overlay-opacity":"","overlay-gradient":""},"mobile":{"background-color":"var(--ast-global-color-4)","background-image":"","background-repeat":"repeat","background-position":"center center","background-size":"auto","background-attachment":"scroll","background-type":"","background-media":"","overlay-type":"","overlay-color":"","overlay-opacity":"","overlay-gradient":""}},"footnotes":""},"class_list":["post-1449","page","type-page","status-publish","hentry"],"uagb_featured_image_src":{"full":false,"thumbnail":false,"medium":false,"medium_large":false,"large":false,"1536x1536":false,"2048x2048":false},"uagb_author_info":{"display_name":"admin","author_link":"https:\/\/northarete.com\/index.php\/author\/admin\/"},"uagb_comment_info":0,"uagb_excerpt":"R\u00e5dgivning &amp; Partnerskab I en tid hvor potentialet i AI og intelligent automatisering er uomtvisteligt, ligger den virkelige kunst ikke [&hellip;]","_links":{"self":[{"href":"https:\/\/northarete.com\/index.php\/wp-json\/wp\/v2\/pages\/1449","targetHints":{"allow":["GET"]}}],"collection":[{"href":"https:\/\/northarete.com\/index.php\/wp-json\/wp\/v2\/pages"}],"about":[{"href":"https:\/\/northarete.com\/index.php\/wp-json\/wp\/v2\/types\/page"}],"author":[{"embeddable":true,"href":"https:\/\/northarete.com\/index.php\/wp-json\/wp\/v2\/users\/1"}],"replies":[{"embeddable":true,"href":"https:\/\/northarete.com\/index.php\/wp-json\/wp\/v2\/comments?post=1449"}],"version-history":[{"count":173,"href":"https:\/\/northarete.com\/index.php\/wp-json\/wp\/v2\/pages\/1449\/revisions"}],"predecessor-version":[{"id":2489,"href":"https:\/\/northarete.com\/index.php\/wp-json\/wp\/v2\/pages\/1449\/revisions\/2489"}],"wp:attachment":[{"href":"https:\/\/northarete.com\/index.php\/wp-json\/wp\/v2\/media?parent=1449"}],"curies":[{"name":"wp","href":"https:\/\/api.w.org\/{rel}","templated":true}]}}